{"id":362,"date":"2018-08-21T13:12:45","date_gmt":"2018-08-21T11:12:45","guid":{"rendered":"http:\/\/serwer1736355.home.pl\/zphublask\/?page_id=362"},"modified":"2021-11-19T13:33:09","modified_gmt":"2021-11-19T12:33:09","slug":"oferta","status":"publish","type":"page","link":"http:\/\/www.zphublask.pl\/index.php\/oferta\/","title":{"rendered":"Oferta"},"content":{"rendered":"\n[et_pb_section fb_built=&#8221;1&#8243; _builder_version=&#8221;3.0.106&#8243; use_background_color_gradient=&#8221;on&#8221; background_color_gradient_start=&#8221;#ffffff&#8221; background_color_gradient_end=&#8221;#ffffff&#8221; background_color_gradient_type=&#8221;radial&#8221; custom_padding=&#8221;54px|0px|86px|0px&#8221;][et_pb_row custom_padding=&#8221;0|0px|0|0px&#8221; _builder_version=&#8221;3.0.106&#8243; module_alignment=&#8221;center&#8221;][et_pb_column type=&#8221;4_4&#8243; _builder_version=&#8221;3.0.47&#8243;][et_pb_blurb title=&#8221; OFERTA&#8221; _builder_version=&#8221;3.0.106&#8243; header_font=&#8221;Amiko||||||||&#8221; header_text_color=&#8221;rgba(0,0,0,0.79)&#8221; header_font_size=&#8221;54px&#8221; header_text_shadow_style=&#8221;preset2&#8243; box_shadow_style=&#8221;preset3&#8243; text_orientation=&#8221;center&#8221; background_layout=&#8221;dark&#8221;][\/et_pb_blurb][\/et_pb_column][\/et_pb_row][et_pb_row custom_padding=&#8221;14px|0px|218px|0&#8243; custom_margin=&#8221;33px|||&#8221; _builder_version=&#8221;3.0.106&#8243; use_background_color_gradient=&#8221;on&#8221; background_color_gradient_start=&#8221;#ccd1ca&#8221; background_color_gradient_end=&#8221;#ccd1ca&#8221; border_style_all=&#8221;none&#8221; box_shadow_style=&#8221;preset1&#8243; box_shadow_blur=&#8221;80px&#8221; box_shadow_spread=&#8221;58px&#8221; box_shadow_color=&#8221;rgba(0,0,0,0.33)&#8221;][et_pb_column type=&#8221;1_4&#8243; _builder_version=&#8221;3.0.47&#8243;][et_pb_blurb title=&#8221;Utrzymanie Czysto\u015b\u0107i&#8221; image=&#8221;http:\/\/serwer1736355.home.pl\/zphublask\/wp-content\/uploads\/2018\/08\/clean-571679_1920.jpg&#8221; _builder_version=&#8221;3.0.106&#8243; header_font=&#8221;||||||||&#8221; border_radii=&#8221;||||&#8221; border_style_all=&#8221;ridge&#8221;]<ul>\n<li>Sprz\u0105tanie w biurowcach<\/li>\n<li>Halach produkcyjnych oraz magazynach<\/li>\n<li>Doczyszczanie obiekt\u00f3w po remontach<\/li>\n<li>Zamiatanie chodnik\u00f3w oraz ulic<\/li>\n<li>Od\u015bnie\u017canie<\/li>\n<li>Mycie okien na wysoko\u015bciach<\/li>\n<\/ul>[\/et_pb_blurb][\/et_pb_column][et_pb_column type=&#8221;1_4&#8243; _builder_version=&#8221;3.0.47&#8243;][et_pb_blurb title=&#8221;Utrzymanie teren\u00f3w zielonych&#8221; image=&#8221;http:\/\/serwer1736355.home.pl\/zphublask\/wp-content\/uploads\/2018\/08\/mowing-the-grass-1438159_1920.jpg&#8221; _builder_version=&#8221;3.0.106&#8243;]<ul>\n<li>Konserwacja teren\u00f3w zielonych<\/li>\n<li>Koszenie trawnik\u00f3w<\/li>\n<li>Przycianie krzew\u00f3w oraz drzew<\/li>\n<li>Zak\u0142adanie teren\u00f3w zielonych<\/li>\n<li>Od\u015bnie\u017canie<\/li>\n<\/ul>[\/et_pb_blurb][\/et_pb_column][et_pb_column type=&#8221;1_4&#8243; _builder_version=&#8221;3.0.47&#8243;][et_pb_blurb title=&#8221;Roboty ziemne i budowlane&#8221; image=&#8221;http:\/\/serwer1736355.home.pl\/zphublask\/wp-content\/uploads\/2018\/08\/excavators-51665_1280.jpg&#8221; _builder_version=&#8221;3.0.106&#8243;]<ul>\n<li><span>Przygotowywanie plac\u00f3w pod budow\u0119<\/span><\/li>\n<li><span>Wykopy pod fundamenty<\/span><\/li>\n<li>Zasypywanie fundament\u00f3w<\/li>\n<li><span>Niwelacje terenu<\/span><\/li>\n<li>Prace rozbi\u00f3rkowe, wyburzeniowe<\/li>\n<\/ul>[\/et_pb_blurb][\/et_pb_column][et_pb_column type=&#8221;1_4&#8243; _builder_version=&#8221;3.0.47&#8243;][et_pb_blurb title=&#8221;Deratyzacja, dezynsekcja oraz dezynfekcja&#8221; image=&#8221;http:\/\/serwer1736355.home.pl\/zphublask\/wp-content\/uploads\/2018\/10\/rysunek.png&#8221; _builder_version=&#8221;3.0.106&#8243;]<ul>\n<li>Ozonowanie<\/li>\n<li>Odkomarzanie<\/li>\n<li>Zamg\u0142awianie<\/li>\n<\/ul>[\/et_pb_blurb][\/et_pb_column][\/et_pb_row][\/et_pb_section]\n","protected":false},"excerpt":{"rendered":"<p>Sprz\u0105tanie w biurowcach Halach produkcyjnych oraz magazynach Doczyszczanie obiekt\u00f3w po remontach Zamiatanie chodnik\u00f3w oraz ulic Od\u015bnie\u017canie Mycie okien na wysoko\u015bciach Konserwacja teren\u00f3w zielonych Koszenie trawnik\u00f3w Przycianie krzew\u00f3w oraz drzew Zak\u0142adanie teren\u00f3w zielonych Od\u015bnie\u017canie Przygotowywanie plac\u00f3w pod budow\u0119 Wykopy pod fundamenty Zasypywanie fundament\u00f3w Niwelacje terenu Prace rozbi\u00f3rkowe, wyburzeniowe Ozonowanie Odkomarzanie Zamg\u0142awianie<\/p>\n","protected":false},"author":2,"featured_media":0,"parent":0,"menu_order":0,"comment_status":"closed","ping_status":"closed","template":"","meta":{"_et_pb_use_builder":"on","_et_pb_old_content":"","_et_gb_content_width":""},"_links":{"self":[{"href":"http:\/\/www.zphublask.pl\/index.php\/wp-json\/wp\/v2\/pages\/362"}],"collection":[{"href":"http:\/\/www.zphublask.pl\/index.php\/wp-json\/wp\/v2\/pages"}],"about":[{"href":"http:\/\/www.zphublask.pl\/index.php\/wp-json\/wp\/v2\/types\/page"}],"author":[{"embeddable":true,"href":"http:\/\/www.zphublask.pl\/index.php\/wp-json\/wp\/v2\/users\/2"}],"replies":[{"embeddable":true,"href":"http:\/\/www.zphublask.pl\/index.php\/wp-json\/wp\/v2\/comments?post=362"}],"version-history":[{"count":2,"href":"http:\/\/www.zphublask.pl\/index.php\/wp-json\/wp\/v2\/pages\/362\/revisions"}],"predecessor-version":[{"id":616,"href":"http:\/\/www.zphublask.pl\/index.php\/wp-json\/wp\/v2\/pages\/362\/revisions\/616"}],"wp:attachment":[{"href":"http:\/\/www.zphublask.pl\/index.php\/wp-json\/wp\/v2\/media?parent=362"}],"curies":[{"name":"wp","href":"https:\/\/api.w.org\/{rel}","templated":true}]}}