{"id":364,"date":"2018-08-21T13:14:23","date_gmt":"2018-08-21T11:14:23","guid":{"rendered":"http:\/\/serwer1736355.home.pl\/zphublask\/?page_id=364"},"modified":"2021-11-19T13:32:56","modified_gmt":"2021-11-19T12:32:56","slug":"kontakt","status":"publish","type":"page","link":"http:\/\/www.zphublask.pl\/index.php\/kontakt\/","title":{"rendered":"Kontakt"},"content":{"rendered":"\n[et_pb_section fb_built=&#8221;1&#8243; _builder_version=&#8221;3.0.106&#8243; use_background_color_gradient=&#8221;on&#8221; background_color_gradient_start=&#8221;#ffffff&#8221; background_color_gradient_end=&#8221;#ffffff&#8221; background_color_gradient_type=&#8221;radial&#8221; custom_padding=&#8221;53.9531px|0px|290px|0px&#8221;][et_pb_row _builder_version=&#8221;3.0.106&#8243; box_shadow_style=&#8221;preset1&#8243; box_shadow_blur=&#8221;78px&#8221; box_shadow_spread=&#8221;60px&#8221;][et_pb_column type=&#8221;4_4&#8243; _builder_version=&#8221;3.0.106&#8243; parallax=&#8221;off&#8221; parallax_method=&#8221;on&#8221;][et_pb_map address=&#8221;Tysi\u0105clecia 67 Grudzi\u0105dz 86-300&#8243; address_lat=&#8221;53.4940633&#8243; address_lng=&#8221;18.7685071&#8243; _builder_version=&#8221;3.0.106&#8243; _map_version=&#8221;0&#8243;][\/et_pb_map][\/et_pb_column][\/et_pb_row][et_pb_row _builder_version=&#8221;3.0.106&#8243; use_background_color_gradient=&#8221;on&#8221; background_color_gradient_start=&#8221;#ccd1ca&#8221; background_color_gradient_end=&#8221;#ccd1ca&#8221; box_shadow_style=&#8221;preset1&#8243; box_shadow_horizontal=&#8221;9px&#8221; box_shadow_blur=&#8221;67px&#8221; box_shadow_spread=&#8221;51px&#8221;][et_pb_column type=&#8221;1_3&#8243; _builder_version=&#8221;3.0.106&#8243; parallax=&#8221;off&#8221; parallax_method=&#8221;on&#8221;][et_pb_blurb title=&#8221;Masz pytanie ?&#8221; use_icon=&#8221;on&#8221; font_icon=&#8221;%%85%%&#8221; icon_color=&#8221;#9b0909&#8243; icon_placement=&#8221;left&#8221; _builder_version=&#8221;3.0.106&#8243; header_font=&#8221;||||||||&#8221; header_text_color=&#8221;#9b0909&#8243;]<p>skontaktuj si\u0119 za nami telefonicznie lub wy\u015blij wiadomosc na nasz adres e-mail.<\/p>[\/et_pb_blurb][\/et_pb_column][et_pb_column type=&#8221;1_3&#8243; _builder_version=&#8221;3.0.106&#8243; parallax=&#8221;off&#8221; parallax_method=&#8221;on&#8221;][et_pb_blurb title=&#8221;Zadzwo\u0144&#8221; use_icon=&#8221;on&#8221; font_icon=&#8221;%%264%%&#8221; icon_color=&#8221;#9b0909&#8243; icon_placement=&#8221;left&#8221; _builder_version=&#8221;3.0.106&#8243; header_font=&#8221;||||||||&#8221; header_text_color=&#8221;#9b0909&#8243;]<p>Jacek Laskowski: 502 305 193<\/p>\n<p>Ksi\u0119gowo\u015b\u0107:\u00a0(56) 465 93 42<\/p>[\/et_pb_blurb][et_pb_blurb _builder_version=&#8221;3.0.106&#8243;][\/et_pb_blurb][\/et_pb_column][et_pb_column type=&#8221;1_3&#8243; _builder_version=&#8221;3.0.106&#8243; parallax=&#8221;off&#8221; parallax_method=&#8221;on&#8221;][et_pb_blurb title=&#8221;Wy\u015blij e-mail&#8221; use_icon=&#8221;on&#8221; font_icon=&#8221;%%238%%&#8221; icon_color=&#8221;#9b0909&#8243; icon_placement=&#8221;left&#8221; _builder_version=&#8221;3.0.106&#8243; header_font=&#8221;||||||||&#8221; header_text_color=&#8221;#9b0909&#8243;]<p>biuro@zphublask.pl<\/p>[\/et_pb_blurb][\/et_pb_column][\/et_pb_row][\/et_pb_section]\n","protected":false},"excerpt":{"rendered":"<p>skontaktuj si\u0119 za nami telefonicznie lub wy\u015blij wiadomosc na nasz adres e-mail.Jacek Laskowski: 502 305 193 Ksi\u0119gowo\u015b\u0107:\u00a0(56) 465 93 42biuro@zphublask.pl<\/p>\n","protected":false},"author":2,"featured_media":0,"parent":0,"menu_order":0,"comment_status":"closed","ping_status":"closed","template":"","meta":{"_et_pb_use_builder":"on","_et_pb_old_content":"","_et_gb_content_width":""},"_links":{"self":[{"href":"http:\/\/www.zphublask.pl\/index.php\/wp-json\/wp\/v2\/pages\/364"}],"collection":[{"href":"http:\/\/www.zphublask.pl\/index.php\/wp-json\/wp\/v2\/pages"}],"about":[{"href":"http:\/\/www.zphublask.pl\/index.php\/wp-json\/wp\/v2\/types\/page"}],"author":[{"embeddable":true,"href":"http:\/\/www.zphublask.pl\/index.php\/wp-json\/wp\/v2\/users\/2"}],"replies":[{"embeddable":true,"href":"http:\/\/www.zphublask.pl\/index.php\/wp-json\/wp\/v2\/comments?post=364"}],"version-history":[{"count":2,"href":"http:\/\/www.zphublask.pl\/index.php\/wp-json\/wp\/v2\/pages\/364\/revisions"}],"predecessor-version":[{"id":614,"href":"http:\/\/www.zphublask.pl\/index.php\/wp-json\/wp\/v2\/pages\/364\/revisions\/614"}],"wp:attachment":[{"href":"http:\/\/www.zphublask.pl\/index.php\/wp-json\/wp\/v2\/media?parent=364"}],"curies":[{"name":"wp","href":"https:\/\/api.w.org\/{rel}","templated":true}]}}