{"id":366,"date":"2018-08-21T13:14:41","date_gmt":"2018-08-21T11:14:41","guid":{"rendered":"http:\/\/serwer1736355.home.pl\/zphublask\/?page_id=366"},"modified":"2021-11-19T13:33:17","modified_gmt":"2021-11-19T12:33:17","slug":"referencje","status":"publish","type":"page","link":"http:\/\/www.zphublask.pl\/index.php\/referencje\/","title":{"rendered":"Referencje"},"content":{"rendered":"\n[et_pb_section fb_built=&#8221;1&#8243; _builder_version=&#8221;3.0.106&#8243; use_background_color_gradient=&#8221;on&#8221; background_color_gradient_start=&#8221;#ffffff&#8221; background_color_gradient_end=&#8221;#ffffff&#8221; background_color_gradient_type=&#8221;radial&#8221; custom_padding=&#8221;54px|0px|126px|0px&#8221;][et_pb_row _builder_version=&#8221;3.0.106&#8243;][et_pb_column type=&#8221;4_4&#8243; _builder_version=&#8221;3.0.106&#8243; parallax=&#8221;off&#8221; parallax_method=&#8221;on&#8221;][et_pb_blurb title=&#8221;REFERENCJE&#8221; _builder_version=&#8221;3.0.106&#8243; header_font=&#8221;Amiko||||||||&#8221; header_text_align=&#8221;center&#8221; header_font_size=&#8221;54px&#8221; header_text_color=&#8221;#000000&#8243; header_text_shadow_style=&#8221;preset2&#8243; box_shadow_style=&#8221;preset3&#8243;][\/et_pb_blurb][\/et_pb_column][\/et_pb_row][et_pb_row _builder_version=&#8221;3.0.106&#8243; use_background_color_gradient=&#8221;on&#8221; background_color_gradient_start=&#8221;#ccd1ca&#8221; background_color_gradient_end=&#8221;#ccd1ca&#8221; box_shadow_style=&#8221;preset1&#8243; box_shadow_blur=&#8221;78px&#8221; box_shadow_spread=&#8221;33px&#8221;][et_pb_column type=&#8221;1_2&#8243; _builder_version=&#8221;3.0.106&#8243; parallax=&#8221;off&#8221; parallax_method=&#8221;on&#8221;][et_pb_text _builder_version=&#8221;3.0.106&#8243; text_font=&#8221;||||||||&#8221; text_font_size=&#8221;18px&#8221; text_text_color=&#8221;#000000&#8243; text_line_height=&#8221;1.8em&#8221; text_text_shadow_style=&#8221;preset1&#8243; header_font=&#8221;||||||||&#8221; header_text_align=&#8221;left&#8221;]Nasza firma dysponuje du\u017cym do\u015bwiadczeniem w wykonywaniu zada\u0144 w zakresie utrzymania czysto\u015bci, teren\u00f3w zielonych, budowlanych, ziemnych oraz deratyzacji. Posiadamy liczne referencje kt\u00f3re s\u0105 dowodem na poprawn\u0105 jako\u015b\u0107 wykonywanych przez nas us\u0142ug oraz ukazuj\u0105 rzetelno\u015b\u0107 firmy.\r[\/et_pb_text][\/et_pb_column][et_pb_column type=&#8221;1_2&#8243; _builder_version=&#8221;3.0.106&#8243; parallax=&#8221;off&#8221; parallax_method=&#8221;on&#8221;][et_pb_gallery gallery_ids=&#8221;480,479,478,477,476,475,474,473,522&#8243; gallery_captions=&#8221;,,,,,,,,&#8221; fullwidth=&#8221;on&#8221; _builder_version=&#8221;3.0.106&#8243; max_width=&#8221;56%&#8221;][\/et_pb_gallery][\/et_pb_column][\/et_pb_row][\/et_pb_section]\n","protected":false},"excerpt":{"rendered":"<p>Nasza firma dysponuje du\u017cym do\u015bwiadczeniem w wykonywaniu zada\u0144 w zakresie utrzymania czysto\u015bci, teren\u00f3w zielonych, budowlanych, ziemnych oraz deratyzacji. Posiadamy liczne referencje kt\u00f3re s\u0105 dowodem na poprawn\u0105 jako\u015b\u0107 wykonywanych przez nas us\u0142ug oraz ukazuj\u0105 rzetelno\u015b\u0107 firmy.<\/p>\n","protected":false},"author":2,"featured_media":0,"parent":0,"menu_order":0,"comment_status":"closed","ping_status":"closed","template":"","meta":{"_et_pb_use_builder":"on","_et_pb_old_content":"","_et_gb_content_width":""},"_links":{"self":[{"href":"http:\/\/www.zphublask.pl\/index.php\/wp-json\/wp\/v2\/pages\/366"}],"collection":[{"href":"http:\/\/www.zphublask.pl\/index.php\/wp-json\/wp\/v2\/pages"}],"about":[{"href":"http:\/\/www.zphublask.pl\/index.php\/wp-json\/wp\/v2\/types\/page"}],"author":[{"embeddable":true,"href":"http:\/\/www.zphublask.pl\/index.php\/wp-json\/wp\/v2\/users\/2"}],"replies":[{"embeddable":true,"href":"http:\/\/www.zphublask.pl\/index.php\/wp-json\/wp\/v2\/comments?post=366"}],"version-history":[{"count":2,"href":"http:\/\/www.zphublask.pl\/index.php\/wp-json\/wp\/v2\/pages\/366\/revisions"}],"predecessor-version":[{"id":617,"href":"http:\/\/www.zphublask.pl\/index.php\/wp-json\/wp\/v2\/pages\/366\/revisions\/617"}],"wp:attachment":[{"href":"http:\/\/www.zphublask.pl\/index.php\/wp-json\/wp\/v2\/media?parent=366"}],"curies":[{"name":"wp","href":"https:\/\/api.w.org\/{rel}","templated":true}]}}