{"id":368,"date":"2018-08-21T13:15:25","date_gmt":"2018-08-21T11:15:25","guid":{"rendered":"http:\/\/serwer1736355.home.pl\/zphublask\/?page_id=368"},"modified":"2021-11-19T13:33:02","modified_gmt":"2021-11-19T12:33:02","slug":"o-nas","status":"publish","type":"page","link":"http:\/\/www.zphublask.pl\/index.php\/o-nas\/","title":{"rendered":"O nas"},"content":{"rendered":"\n[et_pb_section fb_built=&#8221;1&#8243; _builder_version=&#8221;3.0.106&#8243; use_background_color_gradient=&#8221;on&#8221; background_color_gradient_start=&#8221;rgba(255,255,255,0.36)&#8221; background_color_gradient_end=&#8221;#ffffff&#8221; background_color_gradient_type=&#8221;radial&#8221;][et_pb_row _builder_version=&#8221;3.0.106&#8243;][et_pb_column type=&#8221;4_4&#8243; _builder_version=&#8221;3.0.47&#8243;][et_pb_blurb title=&#8221;O NAS&#8221; _builder_version=&#8221;3.17.2&#8243; header_font=&#8221;Amiko||||||||&#8221; header_text_align=&#8221;center&#8221; header_text_color=&#8221;#000000&#8243; header_font_size=&#8221;54px&#8221; header_text_shadow_style=&#8221;preset2&#8243; box_shadow_style=&#8221;preset3&#8243; text_orientation=&#8221;center&#8221;][\/et_pb_blurb][\/et_pb_column][\/et_pb_row][et_pb_row custom_padding=&#8221;0|0px|0|0px&#8221; _builder_version=&#8221;3.0.106&#8243;][et_pb_column type=&#8221;4_4&#8243; _builder_version=&#8221;3.0.47&#8243;][et_pb_image src=&#8221;http:\/\/serwer1736355.home.pl\/zphublask\/wp-content\/uploads\/2018\/10\/IMG_20180901_113741.jpg&#8221; _builder_version=&#8221;3.0.106&#8243; box_shadow_style=&#8221;preset1&#8243; box_shadow_blur=&#8221;71px&#8221; box_shadow_spread=&#8221;41px&#8221; module_alignment=&#8221;center&#8221; custom_margin=&#8221;|||&#8221; custom_padding=&#8221;|||&#8221;][\/et_pb_image][\/et_pb_column][\/et_pb_row][et_pb_row _builder_version=&#8221;3.17.2&#8243; use_background_color_gradient=&#8221;on&#8221; background_color_gradient_start=&#8221;#dddddd&#8221; background_color_gradient_end=&#8221;#dddddd&#8221; box_shadow_style=&#8221;preset1&#8243; box_shadow_spread=&#8221;16px&#8221; custom_padding=&#8221;30px|0|30px|0px|false|false&#8221;][et_pb_column type=&#8221;4_4&#8243; _builder_version=&#8221;3.0.47&#8243;][et_pb_text _builder_version=&#8221;3.0.106&#8243; text_font=&#8221;||||||||&#8221; text_text_color=&#8221;rgba(5,5,5,0.87)&#8221; text_font_size=&#8221;18px&#8221; text_line_height=&#8221;1.8em&#8221; text_text_shadow_style=&#8221;preset1&#8243;] Firma Blask z siedzib\u0105 przy ul. Tysi\u0105clecia 67 w Grudzi\u0105dzu \u015bwiadczy profesjonale us\u0142ugi z zakresu sprz\u0105tania: po budowie, remoncie oraz utrzymania teren\u00f3w zielonych od 1985 roku. Posiadamy wymagany sprz\u0119t do tego typu prac. Specjalizujemy si\u0119 r\u00f3wnie\u017c w dziedzinie dezynfekcji, dezynsekcji i deratyzacji. Posiadamy szerok\u0105 wiedz\u0119, do\u015bwiadczenie oraz uprawnienia. Firma dzia\u0142a na obszarze wojew\u00f3dztwa Kujawsko-Pomorskiego, Pomorskiego oraz Warmi\u0144sko-Mazurskiego. [\/et_pb_text][\/et_pb_column][\/et_pb_row][et_pb_row _builder_version=&#8221;3.17.2&#8243; custom_padding=&#8221;0|0px|0|0px|false|false&#8221;][et_pb_column type=&#8221;1_3&#8243; _builder_version=&#8221;3.0.47&#8243;][\/et_pb_column][et_pb_column type=&#8221;1_3&#8243; _builder_version=&#8221;3.0.47&#8243;][\/et_pb_column][et_pb_column type=&#8221;1_3&#8243; _builder_version=&#8221;3.0.47&#8243;][\/et_pb_column][\/et_pb_row][et_pb_row _builder_version=&#8221;3.17.2&#8243; use_background_color_gradient=&#8221;on&#8221; background_color_gradient_start=&#8221;#dddddd&#8221; background_color_gradient_end=&#8221;#dddddd&#8221; box_shadow_style=&#8221;preset1&#8243; box_shadow_spread=&#8221;16px&#8221;][et_pb_column type=&#8221;1_3&#8243; _builder_version=&#8221;3.0.47&#8243;][et_pb_text _builder_version=&#8221;3.17.2&#8243; text_font=&#8221;Amiko|700|||||||&#8221; text_text_color=&#8221;#000000&#8243; text_font_size=&#8221;16px&#8221; box_shadow_style=&#8221;preset3&#8243; text_orientation=&#8221;center&#8221;]Us\u0142ugi utrzymania czysto\u015bci\r[\/et_pb_text][et_pb_gallery gallery_ids=&#8221;540,553,552,544,549,546,545,534,556&#8243; fullwidth=&#8221;on&#8221; _builder_version=&#8221;3.17.2&#8243;][\/et_pb_gallery][\/et_pb_column][et_pb_column type=&#8221;1_3&#8243; _builder_version=&#8221;3.0.47&#8243;][et_pb_text _builder_version=&#8221;3.17.2&#8243; text_font=&#8221;Amiko|700|||||||&#8221; text_text_color=&#8221;#000000&#8243; text_font_size=&#8221;16px&#8221; link_font=&#8221;||||||||&#8221; ul_font=&#8221;||||||||&#8221; ol_font=&#8221;||||||||&#8221; quote_font=&#8221;||||||||&#8221; header_font=&#8221;||||||||&#8221; header_2_font=&#8221;||||||||&#8221; header_3_font=&#8221;||||||||&#8221; header_4_font=&#8221;||||||||&#8221; header_5_font=&#8221;||||||||&#8221; header_6_font=&#8221;||||||||&#8221; box_shadow_style=&#8221;preset3&#8243; text_orientation=&#8221;center&#8221;]<p>Roboty ziemne i budowlane<\/p>[\/et_pb_text][et_pb_gallery gallery_ids=&#8221;533,531,532&#8243; fullwidth=&#8221;on&#8221; _builder_version=&#8221;3.17.2&#8243;][\/et_pb_gallery][\/et_pb_column][et_pb_column type=&#8221;1_3&#8243; _builder_version=&#8221;3.0.47&#8243;][et_pb_text _builder_version=&#8221;3.17.2&#8243; text_font=&#8221;Amiko|700|||||||&#8221; text_text_color=&#8221;#000000&#8243; text_font_size=&#8221;16px&#8221; box_shadow_style=&#8221;preset3&#8243; text_orientation=&#8221;center&#8221;]Utrzymanie teren\u00f3w zielonych\r[\/et_pb_text][et_pb_gallery gallery_ids=&#8221;567,560,561,566,568,569&#8243; fullwidth=&#8221;on&#8221; _builder_version=&#8221;3.17.2&#8243;][\/et_pb_gallery][\/et_pb_column][\/et_pb_row][\/et_pb_section]\n","protected":false},"excerpt":{"rendered":"<p>Firma Blask z siedzib\u0105 przy ul. Tysi\u0105clecia 67 w Grudzi\u0105dzu \u015bwiadczy profesjonale us\u0142ugi z zakresu sprz\u0105tania: po budowie, remoncie oraz utrzymania teren\u00f3w zielonych od 1985 roku. Posiadamy wymagany sprz\u0119t do tego typu prac. Specjalizujemy si\u0119 r\u00f3wnie\u017c w dziedzinie dezynfekcji, dezynsekcji i deratyzacji. Posiadamy szerok\u0105 wiedz\u0119, do\u015bwiadczenie oraz uprawnienia. Firma dzia\u0142a na obszarze wojew\u00f3dztwa Kujawsko-Pomorskiego, Pomorskiego [&hellip;]<\/p>\n","protected":false},"author":2,"featured_media":0,"parent":0,"menu_order":0,"comment_status":"closed","ping_status":"closed","template":"","meta":{"_et_pb_use_builder":"on","_et_pb_old_content":"","_et_gb_content_width":""},"_links":{"self":[{"href":"http:\/\/www.zphublask.pl\/index.php\/wp-json\/wp\/v2\/pages\/368"}],"collection":[{"href":"http:\/\/www.zphublask.pl\/index.php\/wp-json\/wp\/v2\/pages"}],"about":[{"href":"http:\/\/www.zphublask.pl\/index.php\/wp-json\/wp\/v2\/types\/page"}],"author":[{"embeddable":true,"href":"http:\/\/www.zphublask.pl\/index.php\/wp-json\/wp\/v2\/users\/2"}],"replies":[{"embeddable":true,"href":"http:\/\/www.zphublask.pl\/index.php\/wp-json\/wp\/v2\/comments?post=368"}],"version-history":[{"count":2,"href":"http:\/\/www.zphublask.pl\/index.php\/wp-json\/wp\/v2\/pages\/368\/revisions"}],"predecessor-version":[{"id":615,"href":"http:\/\/www.zphublask.pl\/index.php\/wp-json\/wp\/v2\/pages\/368\/revisions\/615"}],"wp:attachment":[{"href":"http:\/\/www.zphublask.pl\/index.php\/wp-json\/wp\/v2\/media?parent=368"}],"curies":[{"name":"wp","href":"https:\/\/api.w.org\/{rel}","templated":true}]}}